{"id":513,"date":"2019-10-18T10:09:42","date_gmt":"2019-10-18T10:09:42","guid":{"rendered":"http:\/\/appsnextstep.azurewebsites.net\/?page_id=513"},"modified":"2019-10-18T10:13:48","modified_gmt":"2019-10-18T10:13:48","slug":"products","status":"publish","type":"page","link":"https:\/\/appsnextstep.azurewebsites.net\/fi\/products\/","title":{"rendered":"Tuotteet"},"content":{"rendered":"<h1>TOJWeb<\/h1>\n<ul>\n<li><strong>S\u00c4HKE2<\/strong>\u00a0sertifioitu tiedonohjausj\u00e4rjestelm\u00e4 asianhallintaan<\/li>\n<li>Kaksi versiota: Pilvi (k\u00e4ytt\u00e4j\u00e4kohtainen kuukausimaksu), tai t\u00e4ysin r\u00e4\u00e4t\u00e4l\u00f6it\u00e4v\u00e4 asiakasversio<\/li>\n<li><a href=\"https:\/\/toj.apps-oy.com\">Kokeile<\/a><\/li>\n<\/ul>\n","protected":false},"excerpt":{"rendered":"<p>TOJWeb S\u00c4HKE2\u00a0sertifioitu tiedonohjausj\u00e4rjestelm\u00e4 asianhallintaan Kaksi versiota: Pilvi (k\u00e4ytt\u00e4j\u00e4kohtainen kuukausimaksu), tai t\u00e4ysin r\u00e4\u00e4t\u00e4l\u00f6it\u00e4v\u00e4 asiakasversio Kokeile<\/p>\n","protected":false},"author":1,"featured_media":0,"parent":0,"menu_order":0,"comment_status":"closed","ping_status":"closed","template":"","meta":{"footnotes":""},"_links":{"self":[{"href":"https:\/\/appsnextstep.azurewebsites.net\/fi\/wp-json\/wp\/v2\/pages\/513"}],"collection":[{"href":"https:\/\/appsnextstep.azurewebsites.net\/fi\/wp-json\/wp\/v2\/pages"}],"about":[{"href":"https:\/\/appsnextstep.azurewebsites.net\/fi\/wp-json\/wp\/v2\/types\/page"}],"author":[{"embeddable":true,"href":"https:\/\/appsnextstep.azurewebsites.net\/fi\/wp-json\/wp\/v2\/users\/1"}],"replies":[{"embeddable":true,"href":"https:\/\/appsnextstep.azurewebsites.net\/fi\/wp-json\/wp\/v2\/comments?post=513"}],"version-history":[{"count":6,"href":"https:\/\/appsnextstep.azurewebsites.net\/fi\/wp-json\/wp\/v2\/pages\/513\/revisions"}],"predecessor-version":[{"id":520,"href":"https:\/\/appsnextstep.azurewebsites.net\/fi\/wp-json\/wp\/v2\/pages\/513\/revisions\/520"}],"wp:attachment":[{"href":"https:\/\/appsnextstep.azurewebsites.net\/fi\/wp-json\/wp\/v2\/media?parent=513"}],"curies":[{"name":"wp","href":"https:\/\/api.w.org\/{rel}","templated":true}]}}