{"id":43,"date":"2017-11-16T06:36:55","date_gmt":"2017-11-16T06:36:55","guid":{"rendered":"http:\/\/appsnextstep.azurewebsites.net\/?page_id=43"},"modified":"2017-12-04T08:04:59","modified_gmt":"2017-12-04T08:04:59","slug":"team-building","status":"publish","type":"page","link":"https:\/\/appsnextstep.azurewebsites.net\/fi\/team-building\/","title":{"rendered":"Tehokkuuden parantaminen"},"content":{"rendered":"<blockquote><p>Autamme roolien m\u00e4\u00e4rittelyss\u00e4, yhteisty\u00f6n, projektin hallinnan ja tiimin tehokkuuden tehostamisessa. Tavoitteenamme on jokaisen t\u00e4yden potentiaalin\u00a0 hy\u00f6dynt\u00e4minen nykyisill\u00e4, tai uusilla ty\u00f6v\u00e4lineill\u00e4.<\/p><\/blockquote>\n<h3>Ketter\u00e4t menetelm\u00e4t<\/h3>\n<p>Harvoin yksi tapa on ainoa tapa ja viel\u00e4 harvemmin se soveltuu kaikille. Autamme muuttamaan ja vakiinnuttamaan ty\u00f6skentelytapojanne ketterimm\u00e4ksi. Tutustutamme teid\u00e4t\u00a0termeihin\u00a0<em>product backlog<\/em>, <em>daily meeting<\/em> ja <em>weekly reviews<\/em>, jotka aina esiintyv\u00e4t kun puhutaan ketterist\u00e4 menetelmist\u00e4.\u00a0 Esittelemme omakohtaisia kokemuksia ja hy\u00f6tyj\u00e4 projekteissa, jotka ovat siirtyneet k\u00e4ytt\u00e4m\u00e4\u00e4n ketteri\u00e4 menetelmi\u00e4. Autamme ja tuemme teit\u00e4 ymm\u00e4rt\u00e4m\u00e4\u00e4n uudet roolit ja vastuudet.<\/p>\n<h3>Ohjelmointitavat ja mentorointi<\/h3>\n<p>Opetamme teille koodin versiointia, mit\u00e4 tarkoitetaan\u00a0<em>extreme coding<\/em> -termill\u00e4 ja mit\u00e4 hy\u00f6tyj\u00e4 on koodin katselmoinnista. Voimme lis\u00e4ksi auttaa teit\u00e4 oman koodi versioinnin asentamisessa ja sen k\u00e4yt\u00e4nn\u00f6iss\u00e4. N\u00e4iden lis\u00e4ksi voimme tarjota koodimentorointia, vuosien kokemuksella.<\/p>\n<h3>Dokumentointi ja yhteisty\u00f6<\/h3>\n<p>Esittelemme miksi dokumentointi on t\u00e4rke\u00e4\u00e4 ja miten voitte siit\u00e4 hy\u00f6ty\u00e4 pitk\u00e4ll\u00e4 t\u00e4ht\u00e4imell\u00e4. Dokumentaation yll\u00e4pito voi olla aluksi haastavaa, ellei ty\u00f6kalut ole selvin\u00e4, eik\u00e4 sille ole varattu aikaa. K\u00e4ymme l\u00e4pi eri malleja, joilla tavalla l\u00f6yd\u00e4tte parhaimman tavan dokumentoida. Lis\u00e4ksi k\u00e4ymme yhteisty\u00f6ty\u00f6kaluja l\u00e4pi, ja miten ne voivat palvella teit\u00e4 dokumentaation kanssa koko hankkeen l\u00e4pi, aina myynnist\u00e4 yll\u00e4pitoon asti.<\/p>\n","protected":false},"excerpt":{"rendered":"<p>Autamme roolien m\u00e4\u00e4rittelyss\u00e4, yhteisty\u00f6n, projektin hallinnan ja tiimin tehokkuuden tehostamisessa. Tavoitteenamme on jokaisen t\u00e4yden potentiaalin\u00a0 hy\u00f6dynt\u00e4minen nykyisill\u00e4, tai uusilla ty\u00f6v\u00e4lineill\u00e4. Ketter\u00e4t menetelm\u00e4t Harvoin yksi tapa on ainoa tapa ja viel\u00e4 harvemmin se soveltuu kaikille. Autamme muuttamaan ja vakiinnuttamaan ty\u00f6skentelytapojanne ketterimm\u00e4ksi. Tutustutamme teid\u00e4t\u00a0termeihin\u00a0product backlog, daily meeting ja weekly reviews, jotka aina esiintyv\u00e4t kun puhutaan ketterist\u00e4 menetelmist\u00e4.\u00a0 [&hellip;]<\/p>\n","protected":false},"author":1,"featured_media":34,"parent":0,"menu_order":2,"comment_status":"closed","ping_status":"closed","template":"","meta":{"footnotes":""},"_links":{"self":[{"href":"https:\/\/appsnextstep.azurewebsites.net\/fi\/wp-json\/wp\/v2\/pages\/43"}],"collection":[{"href":"https:\/\/appsnextstep.azurewebsites.net\/fi\/wp-json\/wp\/v2\/pages"}],"about":[{"href":"https:\/\/appsnextstep.azurewebsites.net\/fi\/wp-json\/wp\/v2\/types\/page"}],"author":[{"embeddable":true,"href":"https:\/\/appsnextstep.azurewebsites.net\/fi\/wp-json\/wp\/v2\/users\/1"}],"replies":[{"embeddable":true,"href":"https:\/\/appsnextstep.azurewebsites.net\/fi\/wp-json\/wp\/v2\/comments?post=43"}],"version-history":[{"count":30,"href":"https:\/\/appsnextstep.azurewebsites.net\/fi\/wp-json\/wp\/v2\/pages\/43\/revisions"}],"predecessor-version":[{"id":322,"href":"https:\/\/appsnextstep.azurewebsites.net\/fi\/wp-json\/wp\/v2\/pages\/43\/revisions\/322"}],"wp:featuredmedia":[{"embeddable":true,"href":"https:\/\/appsnextstep.azurewebsites.net\/fi\/wp-json\/wp\/v2\/media\/34"}],"wp:attachment":[{"href":"https:\/\/appsnextstep.azurewebsites.net\/fi\/wp-json\/wp\/v2\/media?parent=43"}],"curies":[{"name":"wp","href":"https:\/\/api.w.org\/{rel}","templated":true}]}}