{"id":416,"date":"2018-01-15T23:41:07","date_gmt":"2018-01-15T23:41:07","guid":{"rendered":"http:\/\/appsnextstep.azurewebsites.net\/?page_id=416"},"modified":"2018-01-16T03:25:49","modified_gmt":"2018-01-16T03:25:49","slug":"website-design","status":"publish","type":"page","link":"https:\/\/appsnextstep.azurewebsites.net\/fi\/website-design\/","title":{"rendered":"Nettisivujen suunnittelu"},"content":{"rendered":"<figure id=\"attachment_449\" style=\"width: 640px\"  class=\"wp-caption aligncenter\"><img loading=\"lazy\" decoding=\"async\" class=\"wp-image-449 size-large\" src=\"\/wp-content\/uploads\/2018\/01\/pexels-photo-697055-1024x734.jpeg\" alt=\"\" width=\"640\" height=\"459\" srcset=\"\/wp-content\/uploads\/2018\/01\/pexels-photo-697055-1024x734.jpeg 1024w, \/wp-content\/uploads\/2018\/01\/pexels-photo-697055-300x215.jpeg 300w, \/wp-content\/uploads\/2018\/01\/pexels-photo-697055-768x551.jpeg 768w, \/wp-content\/uploads\/2018\/01\/pexels-photo-697055.jpeg 1046w\" sizes=\"(max-width: 640px) 100vw, 640px\" \/><figcaption class=\"wp-caption-text\">Meid\u00e4n p\u00e4\u00e4m\u00e4\u00e4r\u00e4mme &#8211; tyytyv\u00e4inen asiakas<\/figcaption><\/figure>\n<p>Haluamme asiakkaan, joka haluaa suositella meit\u00e4 jatkossakin.<\/p>\n<p>Valittu teknologiamme nettisivujen suunnitteluun on <strong>WordPress<\/strong>, mutta me my\u00f6s toteutamme t\u00e4ysin r\u00e4\u00e4t\u00e4l\u00f6ityj\u00e4 ASP.Net nettisivuja. Suunnittelumme esitt\u00e4\u00e4 sinun ideasi, konseptisi, helpolla ja selke\u00e4ll\u00e4 tavalla. Jos sinulla on jo graafinen suunnittelu valmiina, voimme toteuttaa siit\u00e4 nettisivut.<\/p>\n<p>Tarjoamme <strong>t\u00e4ytt\u00e4 palvelua<\/strong>. Konsultoimme eri piirteist\u00e4 ja alustoista, joka mahdollistaa sinun tehd\u00e4 parhaimmat <strong>liiketoiminnan p\u00e4\u00e4t\u00f6kset<\/strong>. Voimme my\u00f6s parantaa nykyist\u00e4 nettisivuasi, tekem\u00e4ll\u00e4 siit\u00e4 monikielisen, tai uudelleen suunnittelemalla sen vastaamaan paremmin nykyisi\u00e4 tarpeita.<\/p>\n<p>Varmistaaksemme tyytyv\u00e4isyyden, tarjoamme <strong>hiekkalaatikkoymp\u00e4rist\u00f6n<\/strong>. Sielt\u00e4 voit seurata projektin etenemist\u00e4, testata, kommentoida, ja pyyt\u00e4\u00e4 muutoksia.<\/p>\n","protected":false},"excerpt":{"rendered":"<p>Haluamme asiakkaan, joka haluaa suositella meit\u00e4 jatkossakin. Valittu teknologiamme nettisivujen suunnitteluun on WordPress, mutta me my\u00f6s toteutamme t\u00e4ysin r\u00e4\u00e4t\u00e4l\u00f6ityj\u00e4 ASP.Net nettisivuja. Suunnittelumme esitt\u00e4\u00e4 sinun ideasi, konseptisi, helpolla ja selke\u00e4ll\u00e4 tavalla. Jos sinulla on jo graafinen suunnittelu valmiina, voimme toteuttaa siit\u00e4 nettisivut. Tarjoamme t\u00e4ytt\u00e4 palvelua. Konsultoimme eri piirteist\u00e4 ja alustoista, joka mahdollistaa sinun tehd\u00e4 parhaimmat liiketoiminnan [&hellip;]<\/p>\n","protected":false},"author":1,"featured_media":0,"parent":0,"menu_order":0,"comment_status":"closed","ping_status":"closed","template":"","meta":{"footnotes":""},"_links":{"self":[{"href":"https:\/\/appsnextstep.azurewebsites.net\/fi\/wp-json\/wp\/v2\/pages\/416"}],"collection":[{"href":"https:\/\/appsnextstep.azurewebsites.net\/fi\/wp-json\/wp\/v2\/pages"}],"about":[{"href":"https:\/\/appsnextstep.azurewebsites.net\/fi\/wp-json\/wp\/v2\/types\/page"}],"author":[{"embeddable":true,"href":"https:\/\/appsnextstep.azurewebsites.net\/fi\/wp-json\/wp\/v2\/users\/1"}],"replies":[{"embeddable":true,"href":"https:\/\/appsnextstep.azurewebsites.net\/fi\/wp-json\/wp\/v2\/comments?post=416"}],"version-history":[{"count":11,"href":"https:\/\/appsnextstep.azurewebsites.net\/fi\/wp-json\/wp\/v2\/pages\/416\/revisions"}],"predecessor-version":[{"id":466,"href":"https:\/\/appsnextstep.azurewebsites.net\/fi\/wp-json\/wp\/v2\/pages\/416\/revisions\/466"}],"wp:attachment":[{"href":"https:\/\/appsnextstep.azurewebsites.net\/fi\/wp-json\/wp\/v2\/media?parent=416"}],"curies":[{"name":"wp","href":"https:\/\/api.w.org\/{rel}","templated":true}]}}