{"id":41,"date":"2017-11-16T06:35:38","date_gmt":"2017-11-16T06:35:38","guid":{"rendered":"http:\/\/appsnextstep.azurewebsites.net\/?page_id=41"},"modified":"2017-12-08T22:55:07","modified_gmt":"2017-12-08T22:55:07","slug":"business-analysis","status":"publish","type":"page","link":"https:\/\/appsnextstep.azurewebsites.net\/fi\/business-analysis\/","title":{"rendered":"Liikkeenjohdon konsultointi"},"content":{"rendered":"<blockquote><p>Autamme sinua analysoimaan, l\u00f6yt\u00e4m\u00e4\u00e4n ja tunnistamaan liiketoimintasi tarpeita.\u00a0 Tuotamme sinulle liiketoiminnallesi uusia konkreettisia ratkaisuja, ja voimme halutessasi auttaa niiden toteuttamisessa.<\/p><\/blockquote>\n<h3>Yritysarkkitehtuuri<\/h3>\n<ul>\n<li>Autamme asiakasrajapinnassa, muuttaen asiakkaan vaatimukset selkeiksi ratkaisuksi tiimille<\/li>\n<li>Analysoimme ja autamme paremmin hy\u00f6dynt\u00e4m\u00e4\u00e4n organisaatiossasi k\u00e4yt\u00f6ss\u00e4 olevia j\u00e4rjestelmi\u00e4<\/li>\n<li>Tehostamme IT-toimintaa, joka alentaa kustannuksia ohjelmistokehityksess\u00e4, tuessa ja yll\u00e4pidossa<\/li>\n<li>Kartoitamme ja lis\u00e4\u00e4mme mahdollisuuksia hankkia heterogeenisi\u00e4 monitoimittajaj\u00e4rjestelmi\u00e4<\/li>\n<\/ul>\n<h3>Liiketoiminnan analysointi<\/h3>\n<ul>\n<li>Selkeyt\u00e4mme ja autamme l\u00f6yt\u00e4m\u00e4\u00e4n nykyiset, sek\u00e4 tulevat liiketoimintaprosessit organisaatiossasi<\/li>\n<li>Tunnistamme liiketoimintasi tarpeita ja autamme ratkaisujen suunnittelussa<\/li>\n<li>Alennamme liiketoimintakustannuksia ja autamme saamaan paremman tuoton investoinneillesi<\/li>\n<li>Lis\u00e4\u00e4mme joustavuutta itse tehd\u00e4, ostaa, tai ulkoistaa liiketoimintaasi ja IT-ratkaisuja<\/li>\n<\/ul>\n","protected":false},"excerpt":{"rendered":"<p>Autamme sinua analysoimaan, l\u00f6yt\u00e4m\u00e4\u00e4n ja tunnistamaan liiketoimintasi tarpeita.\u00a0 Tuotamme sinulle liiketoiminnallesi uusia konkreettisia ratkaisuja, ja voimme halutessasi auttaa niiden toteuttamisessa. Yritysarkkitehtuuri Autamme asiakasrajapinnassa, muuttaen asiakkaan vaatimukset selkeiksi ratkaisuksi tiimille Analysoimme ja autamme paremmin hy\u00f6dynt\u00e4m\u00e4\u00e4n organisaatiossasi k\u00e4yt\u00f6ss\u00e4 olevia j\u00e4rjestelmi\u00e4 Tehostamme IT-toimintaa, joka alentaa kustannuksia ohjelmistokehityksess\u00e4, tuessa ja yll\u00e4pidossa Kartoitamme ja lis\u00e4\u00e4mme mahdollisuuksia hankkia heterogeenisi\u00e4 monitoimittajaj\u00e4rjestelmi\u00e4 Liiketoiminnan [&hellip;]<\/p>\n","protected":false},"author":1,"featured_media":32,"parent":0,"menu_order":2,"comment_status":"closed","ping_status":"closed","template":"","meta":{"footnotes":""},"_links":{"self":[{"href":"https:\/\/appsnextstep.azurewebsites.net\/fi\/wp-json\/wp\/v2\/pages\/41"}],"collection":[{"href":"https:\/\/appsnextstep.azurewebsites.net\/fi\/wp-json\/wp\/v2\/pages"}],"about":[{"href":"https:\/\/appsnextstep.azurewebsites.net\/fi\/wp-json\/wp\/v2\/types\/page"}],"author":[{"embeddable":true,"href":"https:\/\/appsnextstep.azurewebsites.net\/fi\/wp-json\/wp\/v2\/users\/1"}],"replies":[{"embeddable":true,"href":"https:\/\/appsnextstep.azurewebsites.net\/fi\/wp-json\/wp\/v2\/comments?post=41"}],"version-history":[{"count":34,"href":"https:\/\/appsnextstep.azurewebsites.net\/fi\/wp-json\/wp\/v2\/pages\/41\/revisions"}],"predecessor-version":[{"id":365,"href":"https:\/\/appsnextstep.azurewebsites.net\/fi\/wp-json\/wp\/v2\/pages\/41\/revisions\/365"}],"wp:featuredmedia":[{"embeddable":true,"href":"https:\/\/appsnextstep.azurewebsites.net\/fi\/wp-json\/wp\/v2\/media\/32"}],"wp:attachment":[{"href":"https:\/\/appsnextstep.azurewebsites.net\/fi\/wp-json\/wp\/v2\/media?parent=41"}],"curies":[{"name":"wp","href":"https:\/\/api.w.org\/{rel}","templated":true}]}}