{"id":405,"date":"2018-01-15T23:20:36","date_gmt":"2018-01-15T23:20:36","guid":{"rendered":"http:\/\/appsnextstep.azurewebsites.net\/?page_id=405"},"modified":"2018-01-16T03:24:21","modified_gmt":"2018-01-16T03:24:21","slug":"website-prices","status":"publish","type":"page","link":"https:\/\/appsnextstep.azurewebsites.net\/fi\/website-prices\/","title":{"rendered":"Hinnasto"},"content":{"rendered":"<h2><\/h2>\n<p><img loading=\"lazy\" decoding=\"async\" class=\"aligncenter size-full wp-image-445\" src=\"\/wp-content\/uploads\/2018\/01\/WP_Prices_v2.gif\" alt=\"\" width=\"1532\" height=\"630\" \/><\/p>\n<h2>Alennukset<\/h2>\n<ul>\n<li>Uusi asiakas | Ilmainen asennus, 20% kokonaisalennus<\/li>\n<li>Palaava asiakas | Ilmainen konsultointi &#8211; milloin tahansa<\/li>\n<li>Hiekkalaatikkoymp\u00e4rist\u00f6 | Ilmainen jokaisessa projektissa. Toimitamme t\u00e4h\u00e4n linkin vuorokauden sis\u00e4ll\u00e4 tilauksesta.<\/li>\n<\/ul>\n<h2>Suunnittelu<\/h2>\n<ul>\n<li>Perus| Ilmainen | Sis\u00e4lt\u00e4\u00e4 responsiivisen suunnittelun, ja sis\u00e4ll\u00f6n sovittamisen teemaan sopivasti<\/li>\n<li>Edistynyt | 200\u20ac \/ sivu +1 htp | Mediakirjaston hy\u00f6dynt\u00e4minen, perus kuvamanipulointi, sek\u00e4 sis\u00e4ll\u00f6n generointi<\/li>\n<li>Koko | 600\u20ac\u00a0\/ sivu +3 htp | Teemme graafisen suunnittelun tyhj\u00e4lt\u00e4 p\u00f6yd\u00e4lt\u00e4<\/li>\n<li>R\u00e4\u00e4t\u00e4l\u00f6inti<a href=\"#_ftn1\" name=\"_ftnref1\">[1]<\/a>\u00a0|\u00a0300\u20ac \/ sivu\u00a0 +2 htp | Olemassaolevan graafisen suunnitelman muuttaminen nettisivuille sopivaksi<\/li>\n<\/ul>\n<h2>Toteuttaminen<\/h2>\n<ul>\n<li>Sis\u00e4lt\u00f6sivu | 150\u20ac \/ sivu +1 htp| Grafiikan ja toiminnallisuuden toteuttaminen<\/li>\n<li>Kauppapaikka | 500\u20ac +3 htp | Kauppasivu, ostoskori, tuotteiden hallinnan, tuotteiden yksityiskohdat, ja perushaku<\/li>\n<li>Asennus\u00a0 | 50\u20ac +1 htp | Mik\u00e4li palvelinalusta viel\u00e4 puuttuu, suosittelemme: Azure, tai WordPress.com<\/li>\n<li>Uusi piirre | +150\u20ac \/ piirre<a href=\"#_ftn2\" name=\"_ftnref2\">[2]<\/a>\u00a0+1 htp| Uuden piirteen sovittaminen teemaan sopivaksi, ja konfigurointi<\/li>\n<\/ul>\n<h2>Exstrat<\/h2>\n<ul>\n<li>Lisenssin hankinta | 50\u20ac \/ lisenssi<a href=\"#_ftn3\" name=\"_ftnref3\">[3]<\/a>\u00a0+1 htp | Palvelumaksu. Lisenssin hankinnan asiakas voi tehd\u00e4 my\u00f6s itse.<\/li>\n<li>&#8221;Avaimet k\u00e4teen&#8221;-palvelu | +20% hinta | Huolehdimme kaikesta. Sinun pit\u00e4\u00e4 tehd\u00e4 vain palvelinalustasopimus.<\/li>\n<li>Pikatoimitus | +50% hinta -25% aika | Kiire? Ei h\u00e4t\u00e4\u00e4, teemme ylit\u00f6it\u00e4.<\/li>\n<li>Logon suunnittelu | 150\u20ac +1 htp | Suunnittelemme sinulle logon, joka perustuu sanomaan mit\u00e4 haluat viestitt\u00e4\u00e4<\/li>\n<\/ul>\n<h2>Konsultointi<\/h2>\n<ul>\n<li>Perus| Ilmainen | Konsultointoimme kustannuksista joihin varautua, hyvist\u00e4 laajennuksita, palvelinalustasta, jne.<\/li>\n<li>Edistynyt| 350\u20ac\u00a0| Teeman korjaus, WordPress konsultointi, SEO asennus, Google Analytics piirre, etc.<\/li>\n<li>R\u00e4\u00e4t\u00e4l\u00f6inti | 80\u20ac \/ tunti, tai 500\u20ac \/ htp | R\u00e4\u00e4t\u00e4l\u00f6idyt teemat, ja laajennukset. Teemme ensin ty\u00f6m\u00e4\u00e4r\u00e4arvion.<\/li>\n<\/ul>\n<p><em><a href=\"#_ftnref1\" name=\"_ftn1\">[1]<\/a>\u00a0Asiakas toimittaa graaffisen suunnitelman. Suunnitelman pit\u00e4\u00e4 olla responsiivinen.<\/em><br \/>\n<em><a href=\"#_ftnref2\" name=\"_ftn2\">[2]<\/a>\u00a0Kuvagalleria, artikkeli\/kuva\/tuotekaruselli, luottokorttimaksut, Instagram sy\u00f6te, sosiaalimedia jakaminen, edistynyt haku, r\u00e4\u00e4t\u00e4l\u00f6idyt skriptit, tarjotut palvelut, jne.<\/em><br \/>\n<em><a href=\"#_ftnref3\" name=\"_ftn3\">[3]<\/a>\u00a0Ei sis\u00e4ll\u00e4 mahdollista lisenssihintaa. Pro-lisenssit maksavat yleens\u00e4 20\u20ac -150\u20ac. Perimme etuk\u00e4teen lisenssihinnat.<\/em><br \/>\n<em>* Kaikki hinnat <strong>sis\u00e4lt\u00e4v\u00e4t ALV<\/strong>:n.\u00a0<\/em><em>Tarjoamme <strong>tyytyv\u00e4isyystakuun<\/strong> projekteille, joiden kokonaishinta on 500\u20ac, tai alle. Emme veloita mit\u00e4\u00e4n, jos asiakas ei pid\u00e4 ensimm\u00e4isest\u00e4 versiosta.\u00a0Laajemmista projekteista veloitamme\u00a0<strong>20% etuk\u00e4teismaksun<\/strong>.<\/em><\/p>\n","protected":false},"excerpt":{"rendered":"<p>Alennukset Uusi asiakas | Ilmainen asennus, 20% kokonaisalennus Palaava asiakas | Ilmainen konsultointi &#8211; milloin tahansa Hiekkalaatikkoymp\u00e4rist\u00f6 | Ilmainen jokaisessa projektissa. Toimitamme t\u00e4h\u00e4n linkin vuorokauden sis\u00e4ll\u00e4 tilauksesta. Suunnittelu Perus| Ilmainen | Sis\u00e4lt\u00e4\u00e4 responsiivisen suunnittelun, ja sis\u00e4ll\u00f6n sovittamisen teemaan sopivasti Edistynyt | 200\u20ac \/ sivu +1 htp | Mediakirjaston hy\u00f6dynt\u00e4minen, perus kuvamanipulointi, sek\u00e4 sis\u00e4ll\u00f6n generointi Koko [&hellip;]<\/p>\n","protected":false},"author":1,"featured_media":0,"parent":0,"menu_order":0,"comment_status":"closed","ping_status":"closed","template":"","meta":{"footnotes":""},"_links":{"self":[{"href":"https:\/\/appsnextstep.azurewebsites.net\/fi\/wp-json\/wp\/v2\/pages\/405"}],"collection":[{"href":"https:\/\/appsnextstep.azurewebsites.net\/fi\/wp-json\/wp\/v2\/pages"}],"about":[{"href":"https:\/\/appsnextstep.azurewebsites.net\/fi\/wp-json\/wp\/v2\/types\/page"}],"author":[{"embeddable":true,"href":"https:\/\/appsnextstep.azurewebsites.net\/fi\/wp-json\/wp\/v2\/users\/1"}],"replies":[{"embeddable":true,"href":"https:\/\/appsnextstep.azurewebsites.net\/fi\/wp-json\/wp\/v2\/comments?post=405"}],"version-history":[{"count":25,"href":"https:\/\/appsnextstep.azurewebsites.net\/fi\/wp-json\/wp\/v2\/pages\/405\/revisions"}],"predecessor-version":[{"id":465,"href":"https:\/\/appsnextstep.azurewebsites.net\/fi\/wp-json\/wp\/v2\/pages\/405\/revisions\/465"}],"wp:attachment":[{"href":"https:\/\/appsnextstep.azurewebsites.net\/fi\/wp-json\/wp\/v2\/media?parent=405"}],"curies":[{"name":"wp","href":"https:\/\/api.w.org\/{rel}","templated":true}]}}