{"id":29,"date":"2017-11-16T06:02:32","date_gmt":"2017-11-16T06:02:32","guid":{"rendered":"http:\/\/appsnextstep.azurewebsites.net\/?page_id=29"},"modified":"2017-12-05T04:06:34","modified_gmt":"2017-12-05T04:06:34","slug":"professionalservices","status":"publish","type":"page","link":"https:\/\/appsnextstep.azurewebsites.net\/fi\/professionalservices\/","title":{"rendered":"IT ammattilaispalvelut"},"content":{"rendered":"<blockquote><p>IT-ratkaisujen suunnittelua ja toteuttamista eri alustoilla, sek\u00e4 ohjelmointikielill\u00e4. Voimme toimia osana tiimi\u00e4, tai itsen\u00e4isen\u00e4 full-stack palveluna. Microsoft .Net, WordPress, PHP.<\/p><\/blockquote>\n<h2>Nettisivut ja verkkopalvelut<\/h2>\n<p>Tarjoamme kahdenlaisia web-projekteja. Aina kun mahdollista, k\u00e4yt\u00e4mme Azure tili\u00e4mme, voidaksemme n\u00e4ytt\u00e4\u00e4 projektin tilanteen asiakkaalle ja antamalla heille p\u00e4\u00e4sy sivulle\/palveluihin.<\/p>\n<h4>Nettisivujen suunnittelu<\/h4>\n<p><img loading=\"lazy\" decoding=\"async\" class=\"wp-image-197 alignleft\" style=\"padding-bottom: 20px;\" src=\"\/wp-content\/uploads\/2017\/12\/DEMO02-285x300.png\" alt=\"\" width=\"179\" height=\"189\" srcset=\"\/wp-content\/uploads\/2017\/12\/DEMO02-285x300.png 285w, \/wp-content\/uploads\/2017\/12\/DEMO02.png 641w\" sizes=\"(max-width: 179px) 100vw, 179px\" \/>Tarjoamme t\u00e4yden palvelun nettisivut:\u00a0konsultoinnin, suunnittelun, toteuttamisen ja asennuksen.<\/p>\n<ul>\n<li>Graafinen suunnittelu<\/li>\n<li>Responsiivisuus<\/li>\n<li>Verkkomyynti- ja varausintegraatiot<\/li>\n<li>Teknologia: WordPress, PHP and JavaScript<\/li>\n<\/ul>\n<h4>Integraatiot ja upotus<\/h4>\n<p>Tarjoamme tuen kaikille Microsoft web-teknologioille.\u00a0 Voimme toteuttaa integraatiot mihin tahansa j\u00e4rjestelm\u00e4\u00e4n, joka tarjoaa nettipohjaisen API:n.<\/p>\n<ul>\n<li>Integrointi-, data- ja tietoturva-arkkitehtuuri<\/li>\n<li>Microsoft web-teknologiat<\/li>\n<li>Teknologia: ASP.Net, C#, WCF, Azure, Sharepoint, MS SQL<\/li>\n<\/ul>\n<h2>Windows-sovellukset<\/h2>\n<p>Tarjoamme suunnittelun ja toteutuksen sovelluksille, laajennuksille, ja taustapalveluille Windows-k\u00e4ytt\u00f6j\u00e4rjestelm\u00e4ss\u00e4.<\/p>\n<ul>\n<li>Ohjelmistoarkkitehtuuri<\/li>\n<li>Taustapalvelut<\/li>\n<li>Microsoft Office laajennukset<\/li>\n<li>WPF, Windows forms sovellukset ja VBA<\/li>\n<\/ul>\n<h2>Mobiili-sovellukset<\/h2>\n<p>Tarjoamme suunnittelun ja toteutuksen mobiilisovelluksille, joko natiivi, tai monialusta.<\/p>\n<ul>\n<li>Android ja Windows Phone sovellukset<\/li>\n<li>Teknologia: Xamarin, C#, HTML5<\/li>\n<\/ul>\n","protected":false},"excerpt":{"rendered":"<p>IT-ratkaisujen suunnittelua ja toteuttamista eri alustoilla, sek\u00e4 ohjelmointikielill\u00e4. Voimme toimia osana tiimi\u00e4, tai itsen\u00e4isen\u00e4 full-stack palveluna. Microsoft .Net, WordPress, PHP. Nettisivut ja verkkopalvelut Tarjoamme kahdenlaisia web-projekteja. Aina kun mahdollista, k\u00e4yt\u00e4mme Azure tili\u00e4mme, voidaksemme n\u00e4ytt\u00e4\u00e4 projektin tilanteen asiakkaalle ja antamalla heille p\u00e4\u00e4sy sivulle\/palveluihin. Nettisivujen suunnittelu Tarjoamme t\u00e4yden palvelun nettisivut:\u00a0konsultoinnin, suunnittelun, toteuttamisen ja asennuksen. Graafinen suunnittelu Responsiivisuus [&hellip;]<\/p>\n","protected":false},"author":1,"featured_media":33,"parent":0,"menu_order":1,"comment_status":"closed","ping_status":"closed","template":"","meta":{"footnotes":""},"_links":{"self":[{"href":"https:\/\/appsnextstep.azurewebsites.net\/fi\/wp-json\/wp\/v2\/pages\/29"}],"collection":[{"href":"https:\/\/appsnextstep.azurewebsites.net\/fi\/wp-json\/wp\/v2\/pages"}],"about":[{"href":"https:\/\/appsnextstep.azurewebsites.net\/fi\/wp-json\/wp\/v2\/types\/page"}],"author":[{"embeddable":true,"href":"https:\/\/appsnextstep.azurewebsites.net\/fi\/wp-json\/wp\/v2\/users\/1"}],"replies":[{"embeddable":true,"href":"https:\/\/appsnextstep.azurewebsites.net\/fi\/wp-json\/wp\/v2\/comments?post=29"}],"version-history":[{"count":39,"href":"https:\/\/appsnextstep.azurewebsites.net\/fi\/wp-json\/wp\/v2\/pages\/29\/revisions"}],"predecessor-version":[{"id":339,"href":"https:\/\/appsnextstep.azurewebsites.net\/fi\/wp-json\/wp\/v2\/pages\/29\/revisions\/339"}],"wp:featuredmedia":[{"embeddable":true,"href":"https:\/\/appsnextstep.azurewebsites.net\/fi\/wp-json\/wp\/v2\/media\/33"}],"wp:attachment":[{"href":"https:\/\/appsnextstep.azurewebsites.net\/fi\/wp-json\/wp\/v2\/media?parent=29"}],"curies":[{"name":"wp","href":"https:\/\/api.w.org\/{rel}","templated":true}]}}