{"id":24,"date":"2017-11-16T05:51:25","date_gmt":"2017-11-16T05:51:25","guid":{"rendered":"http:\/\/appsnextstep.azurewebsites.net\/?page_id=24"},"modified":"2019-10-18T09:26:24","modified_gmt":"2019-10-18T09:26:24","slug":"personnel","status":"publish","type":"page","link":"https:\/\/appsnextstep.azurewebsites.net\/fi\/personnel\/","title":{"rendered":"CV"},"content":{"rendered":"<h2><a href=\"\/wp-content\/uploads\/2018\/01\/Portfolio_AppsNextStep.pdf\">Portfolio (PDF)<\/a><\/h2>\n<h2 style=\"text-align: justify;\"><img loading=\"lazy\" decoding=\"async\" class=\"alignleft wp-image-433 size-thumbnail\" style=\"padding-bottom: 20px;\" src=\"\/wp-content\/uploads\/2018\/01\/20180113_153131-150x150.jpg\" alt=\"\" width=\"150\" height=\"150\" \/>AKU PIRINEN<\/h2>\n<p style=\"text-align: justify;\">Vuosien kokemus julkisella ja yritys sektorilla toimimisesta. Ty\u00f6skennellyt eri rooleissa, kuten ohjelmoija, myynnin konsultti, tekninen manageri ja\u00a0 johtava ratkaisuarkkitehti. Valmistunut filosofian maisteriksi tietojenk\u00e4sittelytieteest\u00e4 Turun Yliopistossa 2014.<\/p>\n<h4><strong>Projektit<\/strong><\/h4>\n<ul>\n<li>Lead Senior Solutions Architect \/ VAHVA-hanke (Tieto Oy, 2016-2017)\n<ul>\n<li>Suomen keskushallinnon digitalisointi<\/li>\n<\/ul>\n<\/li>\n<li>Lead Senior Architect \/ SALAMA-hanke (Affecto Finland Oy, 2010-2015)\n<ul>\n<li>Ministeri\u00f6n ja sen virastojen digitalisointi<\/li>\n<\/ul>\n<\/li>\n<li>System Analyst &#038; Designer \/ CAMA-hanke (Affecto Finland Oy, 2006-2010)\n<ul>\n<li>Instituuttien ja tutkimuskeskusten digitalisointi<\/li>\n<\/ul>\n<\/li>\n<li>Software Architect \/ Scanning solutions (Affecto Finland Oy, 2002-2008)\n<ul>\n<li>Skannausratkaisut maanmittauslaitokselle ja muille yrityksille<\/li>\n<\/ul>\n<\/li>\n<li>Developer, Consult, Designer \/ 50+ Projects (varies, 2002-2017)\n<ul>\n<li>Prosessien, asian- ja dokumentinhallinnanasiantuntija<\/li>\n<\/ul>\n<\/li>\n<\/ul>\n<h4><strong>Ty\u00f6nimikkeet &#8211; Tieto Oy (2 vuotta)<\/strong><\/h4>\n<ul>\n<li>Senior Solutions Architect<\/li>\n<li>Senior Software Architect<\/li>\n<\/ul>\n<h4><strong>Ty\u00f6nimikkeet &#8211; Affecto Finland Oy (14 vuotta)<\/strong><\/h4>\n<ul>\n<li>Senior Architect<\/li>\n<li>Systems Architect<\/li>\n<li>Systems Designer<\/li>\n<li>System Analyst<\/li>\n<li>Programmer\/Designer<\/li>\n<\/ul>\n<h4><strong>Freelance ohjelmointi (2 vuotta)<\/strong><\/h4>\n<ul>\n<li>Company: GateFive<\/li>\n<li>Company: City-lehti<\/li>\n<\/ul>\n<h4><strong>Sertifikaatit<\/strong><\/h4>\n<ul>\n<li>VAHTI (Valtionhallinnon tietoturva, kaikki tasot)<\/li>\n<li>Database Fundamentals<\/li>\n<li>OpenText Content &#038; Archive Server Administration<\/li>\n<li>VRS Technical Certification<\/li>\n<li>Kofax Technical Solutions Specialist<\/li>\n<li>Microsoft Certified Technical Specialist (MCTS)<\/li>\n<li>ScrumMaster<\/li>\n<\/ul>\n<p>Voit l\u00f6yt\u00e4\u00e4 h\u00e4net my\u00f6s <a href=\"https:\/\/www.linkedin.com\/in\/aku-pirinen-6743042\/\" target=\"_blank\" rel=\"noopener\">LinkedIn:st\u00e4<\/a>.<\/p>\n","protected":false},"excerpt":{"rendered":"<p>Portfolio (PDF) AKU PIRINEN Vuosien kokemus julkisella ja yritys sektorilla toimimisesta. Ty\u00f6skennellyt eri rooleissa, kuten ohjelmoija, myynnin konsultti, tekninen manageri ja\u00a0 johtava ratkaisuarkkitehti. Valmistunut filosofian maisteriksi tietojenk\u00e4sittelytieteest\u00e4 Turun Yliopistossa 2014. Projektit Lead Senior Solutions Architect \/ VAHVA-hanke (Tieto Oy, 2016-2017) Suomen keskushallinnon digitalisointi Lead Senior Architect \/ SALAMA-hanke (Affecto Finland Oy, 2010-2015) Ministeri\u00f6n ja sen [&hellip;]<\/p>\n","protected":false},"author":1,"featured_media":0,"parent":0,"menu_order":49,"comment_status":"closed","ping_status":"closed","template":"","meta":{"footnotes":""},"_links":{"self":[{"href":"https:\/\/appsnextstep.azurewebsites.net\/fi\/wp-json\/wp\/v2\/pages\/24"}],"collection":[{"href":"https:\/\/appsnextstep.azurewebsites.net\/fi\/wp-json\/wp\/v2\/pages"}],"about":[{"href":"https:\/\/appsnextstep.azurewebsites.net\/fi\/wp-json\/wp\/v2\/types\/page"}],"author":[{"embeddable":true,"href":"https:\/\/appsnextstep.azurewebsites.net\/fi\/wp-json\/wp\/v2\/users\/1"}],"replies":[{"embeddable":true,"href":"https:\/\/appsnextstep.azurewebsites.net\/fi\/wp-json\/wp\/v2\/comments?post=24"}],"version-history":[{"count":34,"href":"https:\/\/appsnextstep.azurewebsites.net\/fi\/wp-json\/wp\/v2\/pages\/24\/revisions"}],"predecessor-version":[{"id":503,"href":"https:\/\/appsnextstep.azurewebsites.net\/fi\/wp-json\/wp\/v2\/pages\/24\/revisions\/503"}],"wp:attachment":[{"href":"https:\/\/appsnextstep.azurewebsites.net\/fi\/wp-json\/wp\/v2\/media?parent=24"}],"curies":[{"name":"wp","href":"https:\/\/api.w.org\/{rel}","templated":true}]}}