{"id":20,"date":"2017-11-16T05:50:07","date_gmt":"2017-11-16T05:50:07","guid":{"rendered":"http:\/\/appsnextstep.azurewebsites.net\/?page_id=20"},"modified":"2018-01-16T03:30:05","modified_gmt":"2018-01-16T03:30:05","slug":"company","status":"publish","type":"page","link":"https:\/\/appsnextstep.azurewebsites.net\/fi\/company\/","title":{"rendered":"Yritys"},"content":{"rendered":"<p><img loading=\"lazy\" decoding=\"async\" class=\"aligncenter size-full wp-image-367\" src=\"\/wp-content\/uploads\/2017\/12\/Logo.jpg\" alt=\"\" width=\"400\" height=\"400\" srcset=\"\/wp-content\/uploads\/2017\/12\/Logo.jpg 400w, \/wp-content\/uploads\/2017\/12\/Logo-150x150.jpg 150w, \/wp-content\/uploads\/2017\/12\/Logo-300x300.jpg 300w\" sizes=\"(max-width: 400px) 100vw, 400px\" \/><\/p>\n<h2>Historia<\/h2>\n<p style=\"text-align: justify;\">APPS &#8211; Next step solutions on suomalainen osakeyhti\u00f6 rekister\u00f6ityn\u00e4 nimell\u00e4 Aku Pirinen Professional Services Oy (2863747-6). Yritys perustettiin lokakuussa 2017.\u00a0 Yhti\u00f6 pyrkii noudattamaan kolmea arvoansa: laatu, ketteryys ja innovatiivisuus.<\/p>\n<h2>Yhteis\u00f6j\u00e4senyydet<\/h2>\n<p><img loading=\"lazy\" decoding=\"async\" class=\"alignnone size-medium wp-image-217\" src=\"\/wp-content\/uploads\/2017\/12\/logo-300x73.png\" alt=\"\" width=\"300\" height=\"73\" srcset=\"\/wp-content\/uploads\/2017\/12\/logo-300x73.png 300w, \/wp-content\/uploads\/2017\/12\/logo.png 402w\" sizes=\"(max-width: 300px) 100vw, 300px\" \/><\/p>\n<p class=\"p1\" style=\"text-align: justify;\"><em><span class=\"s1\"><a href=\"https:\/\/www.ohjelmistoyrittajat.fi\">Ohjelmistoyritt\u00e4j\u00e4t ry<\/a>\u00a0 on ohjelmistoyritysten johdon yhteis\u00f6 sek\u00e4 alan kehitt\u00e4j\u00e4 ja edustaja. Yhdistyksen toiminnassa painottuu j\u00e4senten menestyksen vahvistaminen ja kasvu, ohjelmistoalan osaamisen kehitt\u00e4minen, ty\u00f6el\u00e4m\u00e4n uudistaminen sek\u00e4 palveluiden ja teollisuuden digitalisointi. Varmistamme ohjelmisto-osaamisen merkityksen tunnustamista yhteiskuntamme tulevaisuuden rakentajana ja suunnann\u00e4ytt\u00e4j\u00e4n\u00e4. Yhdistyksen j\u00e4senin\u00e4 on yli 700 alan keskeisint\u00e4 yrityst\u00e4, johtajaa ja vaikuttajaa.<\/span><\/em><\/p>\n<p><img loading=\"lazy\" decoding=\"async\" class=\"alignnone wp-image-241\" src=\"https:\/\/appsnextstep.files.wordpress.com\/2017\/08\/ljk.png\" alt=\"ljk\" width=\"122\" height=\"83\" \/><\/p>\n<p style=\"text-align: justify;\"><em><a href=\"https:\/\/www.ljk.fi\">Liikkeenjohdon Konsultit LJK ry <\/a> on vuonna 1960 perustettu liikkeenjohdon konsulttien ja konsulttiyritysten toimialaj\u00e4rjest\u00f6. Asiantuntijapalveluiden tarjoajalle LJK:n j\u00e4senyys on n\u00e4ytt\u00f6 todistetusta osaamisesta ja arvonluontikyvyst\u00e4. Asiantuntijapalveluiden ostajalle se on laadun tae.<\/em><\/p>\n<p style=\"text-align: justify;\"><em>Liikkeenjohdon Konsultit LJK ry on j\u00e4sen<\/em><\/p>\n<ul>\n<li style=\"text-align: justify;\"><em><a href=\"http:\/\/www.feaco.org\">FEACO<\/a> (The European Federation of Management Consultancies Associations)<\/em><\/li>\n<li style=\"text-align: justify;\"><em><a href=\"http:\/\/www.icmci.org\">ICMCI<\/a>\u00a0(The International Council of Management Consulting Institutes)<\/em><\/li>\n<li><em><a href=\"http:\/\/www.iccfin.fi\">ICC <\/a> (The International Chamber of Commerce)\u00a0<\/em><\/li>\n<\/ul>\n","protected":false},"excerpt":{"rendered":"<p>Historia APPS &#8211; Next step solutions on suomalainen osakeyhti\u00f6 rekister\u00f6ityn\u00e4 nimell\u00e4 Aku Pirinen Professional Services Oy (2863747-6). Yritys perustettiin lokakuussa 2017.\u00a0 Yhti\u00f6 pyrkii noudattamaan kolmea arvoansa: laatu, ketteryys ja innovatiivisuus. Yhteis\u00f6j\u00e4senyydet Ohjelmistoyritt\u00e4j\u00e4t ry\u00a0 on ohjelmistoyritysten johdon yhteis\u00f6 sek\u00e4 alan kehitt\u00e4j\u00e4 ja edustaja. Yhdistyksen toiminnassa painottuu j\u00e4senten menestyksen vahvistaminen ja kasvu, ohjelmistoalan osaamisen kehitt\u00e4minen, ty\u00f6el\u00e4m\u00e4n uudistaminen [&hellip;]<\/p>\n","protected":false},"author":1,"featured_media":0,"parent":0,"menu_order":50,"comment_status":"closed","ping_status":"closed","template":"","meta":{"footnotes":""},"_links":{"self":[{"href":"https:\/\/appsnextstep.azurewebsites.net\/fi\/wp-json\/wp\/v2\/pages\/20"}],"collection":[{"href":"https:\/\/appsnextstep.azurewebsites.net\/fi\/wp-json\/wp\/v2\/pages"}],"about":[{"href":"https:\/\/appsnextstep.azurewebsites.net\/fi\/wp-json\/wp\/v2\/types\/page"}],"author":[{"embeddable":true,"href":"https:\/\/appsnextstep.azurewebsites.net\/fi\/wp-json\/wp\/v2\/users\/1"}],"replies":[{"embeddable":true,"href":"https:\/\/appsnextstep.azurewebsites.net\/fi\/wp-json\/wp\/v2\/comments?post=20"}],"version-history":[{"count":21,"href":"https:\/\/appsnextstep.azurewebsites.net\/fi\/wp-json\/wp\/v2\/pages\/20\/revisions"}],"predecessor-version":[{"id":470,"href":"https:\/\/appsnextstep.azurewebsites.net\/fi\/wp-json\/wp\/v2\/pages\/20\/revisions\/470"}],"wp:attachment":[{"href":"https:\/\/appsnextstep.azurewebsites.net\/fi\/wp-json\/wp\/v2\/media?parent=20"}],"curies":[{"name":"wp","href":"https:\/\/api.w.org\/{rel}","templated":true}]}}