{"id":2,"date":"2017-11-15T07:54:57","date_gmt":"2017-11-15T07:54:57","guid":{"rendered":"http:\/\/appsnextstep.azurewebsites.net\/?page_id=2"},"modified":"2024-05-14T13:47:57","modified_gmt":"2024-05-14T13:47:57","slug":"apps","status":"publish","type":"page","link":"https:\/\/appsnextstep.azurewebsites.net\/fi\/","title":{"rendered":"APPS"},"content":{"rendered":"<figure id=\"attachment_245\" style=\"width: 608px\"  class=\"wp-caption aligncenter\"><img loading=\"lazy\" decoding=\"async\" class=\"wp-image-245\" style=\"border: 0 solid black;\" src=\"https:\/\/appsnextstep.files.wordpress.com\/2017\/09\/pen-idea-bulb-paper.jpg\" alt=\"pen-idea-bulb-paper\" width=\"608\" height=\"407\" \/><figcaption class=\"wp-caption-text\">Olemme erikoistuneet ongelman ratkaisuun<\/figcaption><\/figure>\n<h3 style=\"text-align: justify;\">Yli **25 vuoden kokemuksella** julkisella ja yksityisell\u00e4 IT-sektorilla, meill\u00e4 on ainutlaatuinen asiantuntemus auttaa asiakkaitamme kohtaamaan ja ratkaisemaan haasteita. Vuosien varrella olemme osallistuneet monenlaisiin projekteihin, aina alkuper\u00e4isist\u00e4 ideoista niiden toteuttamiseen ja k\u00e4ytt\u00f6\u00f6nottoon saakka. Autamme l\u00f6yt\u00e4m\u00e4\u00e4n ratkaisuja niin vanhoihin kuin uusiinkin ongelmiin, k\u00e4ytt\u00e4m\u00e4ll\u00e4 hyv\u00e4ksi syv\u00e4llist\u00e4 tietotaitoamme ja alati p\u00e4ivittyv\u00e4\u00e4 teknologiaosaamistamme.<\/h3>\n<h1>Laatu<\/h1>\n<blockquote><p>Jokaisessa projektissamme t\u00e4ht\u00e4\u00e4mme ylitt\u00e4m\u00e4\u00e4n asiakkaidemme odotukset. Ylpeytemme on siin\u00e4, ett\u00e4 voimme katsoa jokaista valmista ty\u00f6t\u00e4 ja sanoa: &#8221;Min\u00e4 tein tuon&#8221;.<\/p><\/blockquote>\n<h1>Ketteryys<\/h1>\n<blockquote><p>Ketteryytemme ansiosta pid\u00e4mme projekteja tiukasti hallinnassa, varmistaen, ett\u00e4 pysymme aina aikataulussa ja budjetissa, samalla kun tuotamme parasta mahdollista laatua. Maalinamme on tuottaa ratkaisuja, jotka eiv\u00e4t ainoastaan t\u00e4yt\u00e4, vaan ylitt\u00e4v\u00e4t asiakkaan tarpeet ja odotukset.<\/p><\/blockquote>\n<h1>Innovatiivisuus<\/h1>\n<blockquote><p>Markkinoiden jatkuvasti muuttuessa pyrimme aina olemaan askeleen edell\u00e4. K\u00e4yt\u00e4mme viimeisimpi\u00e4 teknologioita ja menetelmi\u00e4 varmistaaksemme, ett\u00e4 asiakkaamme saavat parhaat mahdolliset ratkaisut. Innovatiivisuutemme on avain menestykseemme.<\/p><\/blockquote>\n<p>&nbsp;<\/p>\n<p><script src=\"\/\/platform.linkedin.com\/in.js\" type=\"text\/javascript\"><\/script><br \/>\n<script type=\"IN\/CompanyProfile\" data-id=\"18314640\" data-format=\"inline\" data-related=\"false\"><\/script><\/p>\n","protected":false},"excerpt":{"rendered":"<p>Yli **25 vuoden kokemuksella** julkisella ja yksityisell\u00e4 IT-sektorilla, meill\u00e4 on ainutlaatuinen asiantuntemus auttaa asiakkaitamme kohtaamaan ja ratkaisemaan haasteita. Vuosien varrella olemme osallistuneet monenlaisiin projekteihin, aina alkuper\u00e4isist\u00e4 ideoista niiden toteuttamiseen ja k\u00e4ytt\u00f6\u00f6nottoon saakka. Autamme l\u00f6yt\u00e4m\u00e4\u00e4n ratkaisuja niin vanhoihin kuin uusiinkin ongelmiin, k\u00e4ytt\u00e4m\u00e4ll\u00e4 hyv\u00e4ksi syv\u00e4llist\u00e4 tietotaitoamme ja alati p\u00e4ivittyv\u00e4\u00e4 teknologiaosaamistamme. Laatu Jokaisessa projektissamme t\u00e4ht\u00e4\u00e4mme ylitt\u00e4m\u00e4\u00e4n asiakkaidemme odotukset. [&hellip;]<\/p>\n","protected":false},"author":1,"featured_media":0,"parent":0,"menu_order":0,"comment_status":"closed","ping_status":"open","template":"","meta":{"footnotes":""},"_links":{"self":[{"href":"https:\/\/appsnextstep.azurewebsites.net\/fi\/wp-json\/wp\/v2\/pages\/2"}],"collection":[{"href":"https:\/\/appsnextstep.azurewebsites.net\/fi\/wp-json\/wp\/v2\/pages"}],"about":[{"href":"https:\/\/appsnextstep.azurewebsites.net\/fi\/wp-json\/wp\/v2\/types\/page"}],"author":[{"embeddable":true,"href":"https:\/\/appsnextstep.azurewebsites.net\/fi\/wp-json\/wp\/v2\/users\/1"}],"replies":[{"embeddable":true,"href":"https:\/\/appsnextstep.azurewebsites.net\/fi\/wp-json\/wp\/v2\/comments?post=2"}],"version-history":[{"count":46,"href":"https:\/\/appsnextstep.azurewebsites.net\/fi\/wp-json\/wp\/v2\/pages\/2\/revisions"}],"predecessor-version":[{"id":523,"href":"https:\/\/appsnextstep.azurewebsites.net\/fi\/wp-json\/wp\/v2\/pages\/2\/revisions\/523"}],"wp:attachment":[{"href":"https:\/\/appsnextstep.azurewebsites.net\/fi\/wp-json\/wp\/v2\/media?parent=2"}],"curies":[{"name":"wp","href":"https:\/\/api.w.org\/{rel}","templated":true}]}}